{"id":12,"date":"2021-05-13T05:31:27","date_gmt":"2021-05-13T05:31:27","guid":{"rendered":"https:\/\/schleicherkuckuck.de\/?page_id=12"},"modified":"2024-06-14T10:19:20","modified_gmt":"2024-06-14T10:19:20","slug":"services","status":"publish","type":"page","link":"https:\/\/schleicherkuckuck.de\/?page_id=12","title":{"rendered":"Geschichte"},"content":{"rendered":"\n<div class=\"wp-block-cover alignfull\" style=\"min-height:500px;aspect-ratio:unset;\"><span aria-hidden=\"true\" class=\"wp-block-cover__background has-ast-global-color-0-background-color has-background-dim\"><\/span><img loading=\"lazy\" decoding=\"async\" width=\"865\" height=\"719\" class=\"wp-block-cover__image-background wp-image-465\" alt=\"\" src=\"https:\/\/schleicherkuckuck.de\/wp-content\/uploads\/2024\/05\/daco.png\" data-object-fit=\"cover\" srcset=\"https:\/\/schleicherkuckuck.de\/wp-content\/uploads\/2024\/05\/daco.png 865w, https:\/\/schleicherkuckuck.de\/wp-content\/uploads\/2024\/05\/daco-300x249.png 300w, https:\/\/schleicherkuckuck.de\/wp-content\/uploads\/2024\/05\/daco-768x638.png 768w\" sizes=\"auto, (max-width: 865px) 100vw, 865px\" \/><div class=\"wp-block-cover__inner-container is-layout-flow wp-block-cover-is-layout-flow\">\n<h1 class=\"wp-block-heading has-text-align-left has-white-color has-text-color\">Die Geschichte vom Schleicher Kuckuck<\/h1>\n\n\n\n<p class=\"has-text-align-left\"><mark style=\"background-color:rgba(0, 0, 0, 0)\" class=\"has-inline-color has-ast-global-color-5-color\">Die Geschichte des Geb\u00e4udes<\/mark><\/p>\n<\/div><\/div>\n\n\n\n<div class=\"inherit-container-width wp-block-group alignfull has-ast-global-color-5-background-color has-background is-layout-constrained wp-block-group-is-layout-constrained\"><div class=\"wp-block-group__inner-container\">\n<h2 class=\"wp-block-heading has-text-align-center\"><\/h2>\n\n\n\n<div class=\"wp-block-columns alignwide is-layout-flex wp-container-core-columns-is-layout-28f84493 wp-block-columns-is-layout-flex\">\n<div class=\"wp-block-column is-layout-flow wp-block-column-is-layout-flow\">\n<p class=\"has-text-align-center\"><em>Vor vielen Jahren sa\u00dfen an einem Sonntagmorgen nach dem Hochamt ein paar waschechte Schleicher gem\u00fctlich beim Fr\u00fchschoppen, als ein Mann aus einem Nachbarort ins Lokal trat, der, wie sich bald herausstellte, einen m\u00e4chtigen Durst, aber wenig Geld hatte. Die Schleicher lie\u00dfen gleich durchblicken, da\u00df es ihnen auf ein paar Flaschen nicht ank\u00e4me und da\u00df sie bereit seien, ihm den Wein zu spendieren, ohne da\u00df er sich dabei sonderlich anzustrengen brauchte. Dem Auswartigen gefiel das verlockende Angebot, und er begehrte zu wissen, welches denn seine Aufgabe sei. Da sagten die Schleicher: \u201eWenn du auf einen Baum kletterst und eine Stunde lang \u201eKuckuck&#8221; rufst, dann bekommst du zwei Flaschen Wein. \u201eO, wenn dat alles as, dat machen eich&#8221;. war die schnelle Anwort. Nun gingen sie hinaus, wo ein krummer Baum stand, der leicht zu erklettern war. Der Fremde tunte den Stamm hinauf, setzte sich ins Astwerk und rief genau nach Abmachung von 11 bis 12 Uhr, da\u00df es weit ins Tal schallte: \u201eKuckuck! Kuckuck!\u201e F\u00fcr die Schleicher war das ein Schauspiel, an dem das ganze Dorf seine Freude hatte. Aber auch hier ging es leider nach dem Sprichwort \u201eWer den Schaden hat, braucht f\u00fcr denn Spott nicht zu sorgen&#8221;; denn als der Fremde nach Ablauf einer Stunde mit trockener Kehle in der Wirtschaft erschien, um den versprochenen Lohn in Empfang zu nehmen, waren die f\u00fcr die Bestellung zust\u00e4ndigen M\u00e4nner spurlos verschwunden. Es blieb ihm nichts anderes \u00fcbrig, als m\u00f6glichst unauff\u00e4llig und alle Schleicher zum Teufel w\u00fcnschend den Heimweg anzutreten. In Schleich aber hie\u00df er seit dieser Zeit nur noch \u201eder Schleicher Kuckuck&#8221;.<\/em><\/p>\n<\/div>\n<\/div>\n\n\n\n<figure class=\"wp-block-image aligncenter size-large is-resized wp-duotone-unset-1\"><img loading=\"lazy\" decoding=\"async\" width=\"1024\" height=\"532\" src=\"https:\/\/schleicherkuckuck.de\/wp-content\/uploads\/2024\/05\/cuckoo-bird-1024x532.png\" alt=\"\" class=\"wp-image-469\" style=\"width:492px;height:auto\" srcset=\"https:\/\/schleicherkuckuck.de\/wp-content\/uploads\/2024\/05\/cuckoo-bird-1024x532.png 1024w, https:\/\/schleicherkuckuck.de\/wp-content\/uploads\/2024\/05\/cuckoo-bird-300x156.png 300w, https:\/\/schleicherkuckuck.de\/wp-content\/uploads\/2024\/05\/cuckoo-bird-768x399.png 768w, https:\/\/schleicherkuckuck.de\/wp-content\/uploads\/2024\/05\/cuckoo-bird.png 1100w\" sizes=\"auto, (max-width: 1024px) 100vw, 1024px\" \/><\/figure>\n\n\n\n<div style=\"height:40px\" aria-hidden=\"true\" class=\"wp-block-spacer\"><\/div>\n<\/div><\/div>\n","protected":false},"excerpt":{"rendered":"<p>Vor vielen Jahren sa\u00dfen an einem Sonntagmorgen nach dem Hochamt ein paar waschechte Schleicher gem\u00fctlich beim Fr\u00fchschoppen, als ein Mann aus einem Nachbarort ins Lokal trat, der, wie sich bald herausstellte, einen m\u00e4chtigen Durst, aber wenig Geld hatte. Die Schleicher lie\u00dfen gleich durchblicken, da\u00df es ihnen auf ein paar Flaschen nicht ank\u00e4me und da\u00df sie &hellip;<\/p>\n<p class=\"read-more\"> <a class=\"\" href=\"https:\/\/schleicherkuckuck.de\/?page_id=12\"> <span class=\"screen-reader-text\">Geschichte<\/span> Read More &raquo;<\/a><\/p>\n","protected":false},"author":1,"featured_media":0,"parent":0,"menu_order":0,"comment_status":"closed","ping_status":"closed","template":"","meta":{"site-sidebar-layout":"no-sidebar","site-content-layout":"plain-container","ast-global-header-display":"","ast-main-header-display":"","ast-hfb-above-header-display":"","ast-hfb-below-header-display":"","ast-hfb-mobile-header-display":"","site-post-title":"disabled","ast-breadcrumbs-content":"","ast-featured-img":"","footer-sml-layout":"","theme-transparent-header-meta":"enabled","adv-header-id-meta":"","stick-header-meta":"","header-above-stick-meta":"","header-main-stick-meta":"","header-below-stick-meta":"","footnotes":""},"class_list":["post-12","page","type-page","status-publish","hentry"],"_links":{"self":[{"href":"https:\/\/schleicherkuckuck.de\/index.php?rest_route=\/wp\/v2\/pages\/12","targetHints":{"allow":["GET"]}}],"collection":[{"href":"https:\/\/schleicherkuckuck.de\/index.php?rest_route=\/wp\/v2\/pages"}],"about":[{"href":"https:\/\/schleicherkuckuck.de\/index.php?rest_route=\/wp\/v2\/types\/page"}],"author":[{"embeddable":true,"href":"https:\/\/schleicherkuckuck.de\/index.php?rest_route=\/wp\/v2\/users\/1"}],"replies":[{"embeddable":true,"href":"https:\/\/schleicherkuckuck.de\/index.php?rest_route=%2Fwp%2Fv2%2Fcomments&post=12"}],"version-history":[{"count":12,"href":"https:\/\/schleicherkuckuck.de\/index.php?rest_route=\/wp\/v2\/pages\/12\/revisions"}],"predecessor-version":[{"id":483,"href":"https:\/\/schleicherkuckuck.de\/index.php?rest_route=\/wp\/v2\/pages\/12\/revisions\/483"}],"wp:attachment":[{"href":"https:\/\/schleicherkuckuck.de\/index.php?rest_route=%2Fwp%2Fv2%2Fmedia&parent=12"}],"curies":[{"name":"wp","href":"https:\/\/api.w.org\/{rel}","templated":true}]}}